{"id":4212,"date":"2024-06-14T13:12:34","date_gmt":"2024-06-14T16:12:34","guid":{"rendered":"https:\/\/stormweb.com.br\/libertrak\/?page_id=4212"},"modified":"2024-06-14T13:21:16","modified_gmt":"2024-06-14T16:21:16","slug":"sobre-nos","status":"publish","type":"page","link":"https:\/\/stormweb.com.br\/libertrak\/sobre-nos\/","title":{"rendered":"Sobre n\u00f3s"},"content":{"rendered":"<div class=\"wpb-content-wrapper\"><p>[vc_row][vc_column]<div class=\"mf-empty-space \" style=\"\"><div class=\"mf_empty_space_lg\"  style=\"height: 80px\"><\/div><div class=\"mf_empty_space_md\"  style=\"height: 50px\"><\/div><div class=\"mf_empty_space_xs\"  style=\"height: 50px\"><\/div><\/div>[\/vc_column][\/vc_row][vc_row][vc_column offset=&#8221;vc_col-lg-6 vc_col-md-12&#8243;][vc_custom_heading text=&#8221;Hist\u00f3ria da Libertrak&#8221; font_container=&#8221;tag:h2|font_size:20|text_align:left&#8221; use_theme_fonts=&#8221;yes&#8221; el_class=&#8221;fw-medium&#8221; css=&#8221;.vc_custom_1718381776076{margin-top: 0px !important;margin-bottom: 0px !important;}&#8221;]<div class=\"mf-empty-space \" style=\"\"><div class=\"mf_empty_space_lg\"  style=\"height: 20px\"><\/div><div class=\"mf_empty_space_md\"  style=\"height: 20px\"><\/div><div class=\"mf_empty_space_xs\"  style=\"height: 20px\"><\/div><\/div>[vc_column_text]Fundado em 26 de abril 2018, na cidade de Canoas\/RS, a LIBERTRAK nasceu com experiencia de mais de 30 anos de mercado de P\u00f3s Venda multimarcas, loca\u00e7\u00e3o e venda de Empilhadeiras.[\/vc_column_text]<div class=\"mf-empty-space \" style=\"\"><div class=\"mf_empty_space_lg\"  style=\"height: 10px\"><\/div><div class=\"mf_empty_space_md\"  style=\"height: 10px\"><\/div><div class=\"mf_empty_space_xs\"  style=\"height: 10px\"><\/div><\/div>[vc_column_text]Inicialmente criada para suprir uma necessidade espec\u00edfica em manuten\u00e7\u00e3o de baterias tracionarias, agregou ao longo de sua trajet\u00f3ria, equipamentos, outros produtos e outros servi\u00e7os que buscam atender as exig\u00eancias mais esperadas dos clientes: seguran\u00e7a, agilidade, disponibilidade e garantia. [\/vc_column_text]<div class=\"mf-empty-space \" style=\"\"><div class=\"mf_empty_space_lg\"  style=\"height: 10px\"><\/div><div class=\"mf_empty_space_md\"  style=\"height: 10px\"><\/div><div class=\"mf_empty_space_xs\"  style=\"height: 10px\"><\/div><\/div>[vc_column_text]Empresas como CROWN LIFT TRUCK e LONGA SISTEMAS DE ARMAZENAGEM, elegeram nossa empresa como seu bra\u00e7o potencial dentro do estado do RS.<br \/>\nEm abril de 2020, abrimos nossa sede em Barra Velha\/SC. Nossa filial, focada em Venda e loca\u00e7\u00e3o de Empilhadeiras Novas e Semi Novas, com a bandeira oficial da CROWN LIFT TRUCK.<br \/>\n[\/vc_column_text]<div class=\"mf-empty-space \" style=\"\"><div class=\"mf_empty_space_lg\"  style=\"height: 10px\"><\/div><div class=\"mf_empty_space_md\"  style=\"height: 10px\"><\/div><div class=\"mf_empty_space_xs\"  style=\"height: 10px\"><\/div><\/div>[vc_column_text]Em setembro de 2022, a empresa passou por uma reestrutura\u00e7\u00e3o do quadro societ\u00e1rio, onde seus atuais s\u00f3cios entenderam que era momento de mudar e tornar a empresa mais org\u00e2nica. Com isso, todos os colaboradores se sentem parte do neg\u00f3cio, geram dados, tomam decis\u00f5es baseadas nos dados e no bem coletivo, assumem um papel colaborativo e constroem juntos uma empresa mais eficiente e obviamente com benef\u00edcios financeiros para todos.[\/vc_column_text]<div class=\"mf-empty-space \" style=\"\"><div class=\"mf_empty_space_lg\"  style=\"height: 10px\"><\/div><div class=\"mf_empty_space_md\"  style=\"height: 10px\"><\/div><div class=\"mf_empty_space_xs\"  style=\"height: 10px\"><\/div><\/div>[vc_column_text]Com esta nova gest\u00e3o, dobrou o n\u00famero de colabores nos dois estados, levando benef\u00edcios para mais de 35 fam\u00edlias atrav\u00e9s do empenho e dedica\u00e7\u00e3o de cada um.[\/vc_column_text]<div class=\"mf-empty-space \" style=\"\"><div class=\"mf_empty_space_lg\"  style=\"height: 50px\"><\/div><div class=\"mf_empty_space_md\"  style=\"height: 30px\"><\/div><div class=\"mf_empty_space_xs\"  style=\"height: 30px\"><\/div><\/div>[\/vc_column][vc_column offset=&#8221;vc_col-lg-6 vc_col-md-12&#8243;][vc_tta_accordion style=&#8221;flat&#8221; shape=&#8221;square&#8221; color=&#8221;white&#8221; c_icon=&#8221;chevron&#8221; active_section=&#8221;2&#8243;][vc_tta_section title=&#8221;Miss\u00e3o&#8221; tab_id=&#8221;1508747151686-14cd83fe-86c0&#8243;][vc_column_text]Ser uma empresa eficiente e justa onde os colaboradores tenham orgulho de fazer parte da equipe e os clientes tenham a confian\u00e7a de contar com a Libertrak para ajud\u00e1-los naquilo que somos capazes.<\/p>\n<p>[\/vc_column_text][\/vc_tta_section][vc_tta_section title=&#8221;Vis\u00e3o&#8221; tab_id=&#8221;1508747188911-376a52e4-45e9&#8243;][vc_column_text]Nos tornarmos uma das primeiras op\u00e7\u00f5es para novos clientes, no que diz respeito a loca\u00e7\u00e3o de equipamentos e p\u00f3s-venda at\u00e9 2027.[\/vc_column_text][\/vc_tta_section][vc_tta_section title=&#8221;Valores&#8221; tab_id=&#8221;1508747186558-5a68f830-d129&#8243;][vc_column_text]<em><u>Respeito<\/u><\/em><\/p>\n<p>Tratar com respeito os clientes, colegas e todos aqueles com os quais nos envolvemos no dia a dia, valorizando a simplicidade e a cortesia nos relacionamentos.<\/p>\n<p><em><u>Transpar\u00eancia nos Relacionamentos<\/u><\/em><\/p>\n<p>Atuar com transpar\u00eancia, rapidez e qualidade no atendimento aos clientes e parceiros de neg\u00f3cios, buscando sempre a efici\u00eancia operacional em todas as a\u00e7\u00f5es.<\/p>\n<p><em><u>Parcerias Estrat\u00e9gicas com Equil\u00edbrio<\/u><\/em><\/p>\n<p>Agir de forma respons\u00e1vel zelando sempre pela longevidade e otimizando os recursos da empresa, investindo em a\u00e7\u00f5es inteligentes e evitando desperd\u00edcios.<\/p>\n<p><em><u>Comunica\u00e7\u00e3o Assertiva<\/u><\/em><\/p>\n<p>Compartilhar conhecimento e informa\u00e7\u00f5es com clareza e objetividade entre todas as \u00e1reas da empresa, de modo que todos estejam alinhados em torno dos mesmos objetivos.<\/p>\n<p><em><u>Compet\u00eancia e Efic\u00e1cia<\/u><\/em><\/p>\n<p>Trabalhar com paix\u00e3o e dedica\u00e7\u00e3o, procurando sempre adotar atitudes positivas no dia a dia.<\/p>\n<p><em><u>Dinamismo no Fomento de Neg\u00f3cios<\/u><\/em><\/p>\n<p>Desenvolver relacionamentos internos e externos baseados na confian\u00e7a e honestidade.<\/p>\n<p><em><u>Rentabilidade e Sustentabilidade<\/u><\/em><\/p>\n<p>Redu\u00e7\u00e3o de desperd\u00edcio, uma das principais pr\u00e1ticas capazes de ter impacto positivo no meio ambiente e reduzir os custos do empreendimento. Aperfei\u00e7oar os processos, produzir mais com menos.<\/p>\n<p><em><u>Aten\u00e7\u00e3o aos detalhes<\/u><\/em><\/p>\n<p>Compartilhar conhecimento e informa\u00e7\u00f5es com clareza e objetividade entre todas as \u00e1reas da empresa, de modo que todos estejam alinhados em torno dos mesmos objetivos.<\/p>\n<p><em><u>Sentir-se parte e cooperar<\/u><\/em><\/p>\n<p>Ser participativo, inquieto e colaborar com os colegas visando a potencializa\u00e7\u00e3o dos esfor\u00e7os e melhorando o resultado.<\/p>\n<p><em><u>Comprometimento<\/u><\/em><\/p>\n<p>Ser colaborativo atrav\u00e9s de a\u00e7\u00f5es pr\u00e1ticas, acreditando no seu potencial e na necessidade do cliente interno e externo no que diz respeito \u00e0s necessidades solicitadas e que sejam pertinentes ao neg\u00f3cio da empresa.[\/vc_column_text][\/vc_tta_section][\/vc_tta_accordion]<div class=\"mf-empty-space \" style=\"\"><div class=\"mf_empty_space_lg\"  style=\"height: 50px\"><\/div><div class=\"mf_empty_space_md\"  style=\"height: 30px\"><\/div><div class=\"mf_empty_space_xs\"  style=\"height: 30px\"><\/div><\/div>[\/vc_column][\/vc_row][vc_row css=&#8221;.vc_custom_1508747702557{background-color: #f2f2f2 !important;}&#8221;][vc_column]<div class=\"mf-empty-space \" style=\"\"><div class=\"mf_empty_space_lg\"  style=\"height: 80px\"><\/div><div class=\"mf_empty_space_md\"  style=\"height: 50px\"><\/div><div class=\"mf_empty_space_xs\"  style=\"height: 50px\"><\/div><\/div><div class=\"mf-section-title text-left dark large-size \"><h2 >Hist\u00f3ria<\/h2><\/div><div class=\"mf-history \">\n            <div class=\"history-list owl-carousel\" id=\"history-slider-69e16b9d28796\"><div class=\"history-group\"><div class=\"history\"><div class=\"date\">AUG 2017<\/div><div class=\"history-content\"><h3 class=\"title\">Started at Newyork City<\/h3><div class=\"history-desc\"><p>There anyone who loves or pursues or desires to obtain pain itself, because pain, but because occasionally circumstances occur in which toil and pain can procure.<\/p><\/div><\/div><\/div><div class=\"history\"><div class=\"date\">SEP 2017<\/div><div class=\"history-content\"><h3 class=\"title\">Got Best Industrial Award<\/h3><div class=\"history-desc\"><p>Except to obtain some advantage from it? But who has any right to find fault with a man who chooses to enjoy a pleasure that has no annoying consequences,avoids a pain.<\/p><\/div><\/div><\/div><\/div><div class=\"history-group\"><div class=\"history\"><div class=\"date\">NOV 2017<\/div><div class=\"history-content\"><h3 class=\"title\">8 New Branches Opened<\/h3><div class=\"history-desc\"><p>The great explorer of the truth, the master-builder of human happiness. No one rejects, dislikes, or avoids pleasure itself, because it is pleasure not know how to pursue. <\/p><\/div><\/div><\/div><div class=\"history\"><div class=\"date\">DEC 2017<\/div><div class=\"history-content\"><h3 class=\"title\">Reached 100% Target<\/h3><div class=\"history-desc\"><p>To take a trivial example, which of us ever undertakes laborious physical exercise, except to obtain some advantage from who has any right to find fault with a man.<\/p><\/div><\/div><\/div><\/div><div class=\"history-group\"><div class=\"history\"><div class=\"date\">FEB 2018<\/div><div class=\"history-content\"><h3 class=\"title\">World Wide<\/h3><div class=\"history-desc\"><p>To take a trivial example, which of us ever undertakes laborious physical exercise, except to obtain some advantage from who has any right to find fault with a man.<\/p><\/div><\/div><\/div><div class=\"history\"><div class=\"date\">MAR 2018<\/div><div class=\"history-content\"><h3 class=\"title\">28 New Branches Opened<\/h3><div class=\"history-desc\"><p>To take a trivial example, which of us ever undertakes laborious physical exercise, except to obtain some advantage from who has any right to find fault with a man.<\/p><\/div><\/div><\/div><\/div><\/div>\n        <\/div><div class=\"mf-empty-space \" style=\"\"><div class=\"mf_empty_space_lg\"  style=\"height: 80px\"><\/div><div class=\"mf_empty_space_md\"  style=\"height: 50px\"><\/div><div class=\"mf_empty_space_xs\"  style=\"height: 50px\"><\/div><\/div>[\/vc_column][\/vc_row]<\/p>\n<\/div>","protected":false},"excerpt":{"rendered":"<p>[vc_row][vc_column][\/vc_column][\/vc_row][vc_row][vc_column offset=&#8221;vc_col-lg-6 vc_col-md-12&#8243;][vc_custom_heading text=&#8221;Hist\u00f3ria da Libertrak&#8221; font_container=&#8221;tag:h2|font_size:20|text_align:left&#8221; use_theme_fonts=&#8221;yes&#8221; el_class=&#8221;fw-medium&#8221; css=&#8221;.vc_custom_1718381776076{margin-top: 0px !important;margin-bottom: 0px !important;}&#8221;][vc_column_text]Fundado em 26 de abril 2018, na cidade de Canoas\/RS, a LIBERTRAK nasceu com experiencia de mais de 30 anos de mercado de P\u00f3s Venda multimarcas, loca\u00e7\u00e3o e venda de Empilhadeiras.[\/vc_column_text][vc_column_text]Inicialmente criada para suprir uma necessidade espec\u00edfica em manuten\u00e7\u00e3o de baterias tracionarias, [&hellip;]<\/p>\n","protected":false},"author":1,"featured_media":0,"parent":0,"menu_order":0,"comment_status":"closed","ping_status":"closed","template":"template-fullwidth.php","meta":{"footnotes":""},"class_list":["post-4212","page","type-page","status-publish","hentry","no-thumb"],"_links":{"self":[{"href":"https:\/\/stormweb.com.br\/libertrak\/wp-json\/wp\/v2\/pages\/4212","targetHints":{"allow":["GET"]}}],"collection":[{"href":"https:\/\/stormweb.com.br\/libertrak\/wp-json\/wp\/v2\/pages"}],"about":[{"href":"https:\/\/stormweb.com.br\/libertrak\/wp-json\/wp\/v2\/types\/page"}],"author":[{"embeddable":true,"href":"https:\/\/stormweb.com.br\/libertrak\/wp-json\/wp\/v2\/users\/1"}],"replies":[{"embeddable":true,"href":"https:\/\/stormweb.com.br\/libertrak\/wp-json\/wp\/v2\/comments?post=4212"}],"version-history":[{"count":5,"href":"https:\/\/stormweb.com.br\/libertrak\/wp-json\/wp\/v2\/pages\/4212\/revisions"}],"predecessor-version":[{"id":4272,"href":"https:\/\/stormweb.com.br\/libertrak\/wp-json\/wp\/v2\/pages\/4212\/revisions\/4272"}],"wp:attachment":[{"href":"https:\/\/stormweb.com.br\/libertrak\/wp-json\/wp\/v2\/media?parent=4212"}],"curies":[{"name":"wp","href":"https:\/\/api.w.org\/{rel}","templated":true}]}}