{"id":4439,"date":"2024-12-12T11:47:53","date_gmt":"2024-12-12T14:47:53","guid":{"rendered":"https:\/\/stormweb.com.br\/libertrak\/?page_id=4439"},"modified":"2024-12-12T11:53:06","modified_gmt":"2024-12-12T14:53:06","slug":"laboratorio-de-eletronica","status":"publish","type":"page","link":"https:\/\/stormweb.com.br\/libertrak\/laboratorio-de-eletronica\/","title":{"rendered":"Laborat\u00f3rio de Eletr\u00f4nica"},"content":{"rendered":"<div class=\"wpb-content-wrapper\"><p>[vc_row][vc_column]<div class=\"mf-empty-space \" style=\"\"><div class=\"mf_empty_space_lg\"  style=\"height: 80px\"><\/div><div class=\"mf_empty_space_md\"  style=\"height: 50px\"><\/div><div class=\"mf_empty_space_xs\"  style=\"height: 30px\"><\/div><\/div>[\/vc_column][\/vc_row][vc_row][vc_column width=&#8221;2\/3&#8243; css=&#8221;.vc_custom_1734012381822{margin-bottom: 30px !important;}&#8221; offset=&#8221;vc_col-lg-8 vc_col-md-12&#8243;][vc_single_image image=&#8221;4441&#8243; img_size=&#8221;full&#8221;]<div class=\"mf-empty-space \" style=\"\"><div class=\"mf_empty_space_lg\"  style=\"height: 40px\"><\/div><div class=\"mf_empty_space_md\"  style=\"height: 25px\"><\/div><div class=\"mf_empty_space_xs\"  style=\"height: 15px\"><\/div><\/div><div class=\"mf-section-title text-left dark medium-size \"><h2 >Laborat\u00f3rio de Eletr\u00f4nica<\/h2><\/div><div class=\"mf-empty-space \" style=\"\"><div class=\"mf_empty_space_lg\"  style=\"height: 20px\"><\/div><div class=\"mf_empty_space_md\"  style=\"height: 12px\"><\/div><div class=\"mf_empty_space_xs\"  style=\"height: 7px\"><\/div><\/div>[vc_column_text]Atrav\u00e9s de um excelente conhecimento t\u00e9cnico de ferramentas adequadas, a Libertrak atua no segmento eletr\u00f4nico, oferecendo uma op\u00e7\u00e3o financeiramente mais vi\u00e1vel ao cliente e com garantia destes servi\u00e7os. Com altos investimentos na estrutura, a Libertrak garante a satisfa\u00e7\u00e3o do cliente, visando a transpar\u00eancia e a comunica\u00e7\u00e3o clara com os clientes. Conhe\u00e7a um pouco mais de nosso potencial, acesse nossos contatos e consulte a melhor solu\u00e7\u00e3o para sua empresa.[\/vc_column_text]<div class=\"mf-empty-space \" style=\"\"><div class=\"mf_empty_space_lg\"  style=\"height: 20px\"><\/div><div class=\"mf_empty_space_md\"  style=\"height: 12px\"><\/div><div class=\"mf_empty_space_xs\"  style=\"height: 7px\"><\/div><\/div><div class=\"mf-section-title text-left dark medium-size \"><h2 >Por que nos escolher<\/h2><\/div><div class=\"mf-empty-space \" style=\"\"><div class=\"mf_empty_space_lg\"  style=\"height: 20px\"><\/div><div class=\"mf_empty_space_md\"  style=\"height: 12px\"><\/div><div class=\"mf_empty_space_xs\"  style=\"height: 7px\"><\/div><\/div>[vc_column_text]A LIBERTRAK se diferencia do mercado, por oferecer produtos de alto rendimento e servi\u00e7os com extrema sinergia de nossos clientes. Veja por que escolher nossa empresa:[\/vc_column_text]<div class=\"mf-empty-space \" style=\"\"><div class=\"mf_empty_space_lg\"  style=\"height: 40px\"><\/div><div class=\"mf_empty_space_md\"  style=\"height: 25px\"><\/div><div class=\"mf_empty_space_xs\"  style=\"height: 15px\"><\/div><\/div>[vc_row_inner][vc_column_inner width=&#8221;1\/2&#8243;]<div class=\"mf-icon-box icon_type-image icon_style-normal icon_position-left icon_size-large box-dark \"><img loading=\"lazy\" decoding=\"async\" width=\"74\" height=\"74\" src=\"https:\/\/stormweb.com.br\/libertrak\/wp-content\/uploads\/2024\/12\/Tecnologia.png\" class=\"img-icon\" alt=\"\" \/><div class=\"box-wrapper\"><h2 class=\"box-title\"><span >Tecnologia<\/span><\/h2><div class=\"desc\">Investimentos em tecnologia para obter o diagn\u00f3stico mais assertivo e proporcionar aos nossos clientes, maior seguran\u00e7a.<\/div><\/div><\/div>[\/vc_column_inner][vc_column_inner width=&#8221;1\/2&#8243;]<div class=\"mf-icon-box icon_type-image icon_style-normal icon_position-left icon_size-large box-dark \"><img loading=\"lazy\" decoding=\"async\" width=\"74\" height=\"74\" src=\"https:\/\/stormweb.com.br\/libertrak\/wp-content\/uploads\/2024\/12\/Economia.png\" class=\"img-icon\" alt=\"\" \/><div class=\"box-wrapper\"><h2 class=\"box-title\"><span >Economia<\/span><\/h2><div class=\"desc\">Oferecer aos clientes uma op\u00e7\u00e3o mais econ\u00f4mica, quando se trata de conserto de conjuntos de controladores.<\/div><\/div><\/div>[\/vc_column_inner][\/vc_row_inner]<div class=\"mf-empty-space \" style=\"\"><div class=\"mf_empty_space_lg\"  style=\"height: 40px\"><\/div><div class=\"mf_empty_space_md\"  style=\"height: 25px\"><\/div><div class=\"mf_empty_space_xs\"  style=\"height: 15px\"><\/div><\/div>[vc_row_inner][vc_column_inner width=&#8221;1\/2&#8243;]<div class=\"mf-icon-box icon_type-image icon_style-normal icon_position-left icon_size-large box-dark \"><img loading=\"lazy\" decoding=\"async\" width=\"74\" height=\"74\" src=\"https:\/\/stormweb.com.br\/libertrak\/wp-content\/uploads\/2024\/12\/ConheTecnico-1.png\" class=\"img-icon\" alt=\"\" \/><div class=\"box-wrapper\"><h2 class=\"box-title\"><span >Conhecimento T\u00e9cnico<\/span><\/h2><div class=\"desc\">Uma equipe t\u00e9cnica com experiencia e forma\u00e7\u00e3o para dar mais seguran\u00e7a aos nossos clientes.<\/div><\/div><\/div>[\/vc_column_inner][vc_column_inner width=&#8221;1\/2&#8243;]<div class=\"mf-icon-box icon_type-image icon_style-normal icon_position-left icon_size-large box-dark \"><img loading=\"lazy\" decoding=\"async\" width=\"74\" height=\"74\" src=\"https:\/\/stormweb.com.br\/libertrak\/wp-content\/uploads\/2024\/12\/Transparencia.png\" class=\"img-icon\" alt=\"\" \/><div class=\"box-wrapper\"><h2 class=\"box-title\"><span >Transpar\u00eancia<\/span><\/h2><div class=\"desc\">Placas de Controle, necessitam mais do que um simples diagnostico. Por isso \u00e9 importante optar por empresas como a nossa, que tem processos claros e pessoas confi\u00e1veis. <\/div><\/div><\/div>[\/vc_column_inner][\/vc_row_inner][\/vc_column][vc_column width=&#8221;1\/3&#8243; css=&#8221;.vc_custom_1510547855153{margin-bottom: 30px !important;}&#8221; offset=&#8221;vc_col-lg-4 vc_col-md-12&#8243;]<div class=\"mf-pricing \"><div class=\"pricing-header\">\n\t\t\t   <h3 class=\"title\">Oferecemos ao mercado:<\/h3>\n\t\t\t   <div class=\"pricing-desc\"><\/div>\n\t\t\t<\/div>\n\t\t\t<div class=\"pricing-box\">\n\t\t\t   <div class=\"pricing-info\">\n\t\t\t      <div class=\"pricing-inner\">\n\t\t\t           <span class=\"p-money\">\n\t\t\t           \t\t<span class=\"p-unit\"><\/span>\n\t\t\t                <span class=\"p-price\"><\/span>\n\t\t\t           <\/span>\n\t\t\t           <span class=\"p-duration\">\/ Mo<\/span>\n\t\t\t       <\/div>\n\t\t\t   <\/div>\n\t\t\t   <div class=\"pricing-content\"><ul class=\"mf-list\"><li><span class=\"feature-name\">Conserto de controladores de diversos modelos;<\/span><\/li><li><span class=\"feature-name\">Conserto de chicotes el\u00e9tricos;<\/span><\/li><li><span class=\"feature-name\">Conserto de carregadores de bateria;<\/span><\/li><li><span class=\"feature-name\">Conserto de carregadores de bateria de L\u00edtio;<\/span><\/li><li><span class=\"feature-name\">Calibra\u00e7\u00e3o de carregadores;<\/span><\/li><\/ul><a href=\"#\" class=\"mf-btn mf-btn-fullwidth\"  target=\"_blank\"><\/a><\/div>\n\t\t\t<\/div><\/div>[\/vc_column][\/vc_row][vc_row][vc_column]<div class=\"mf-empty-space \" style=\"\"><div class=\"mf_empty_space_lg\"  style=\"height: 80px\"><\/div><div class=\"mf_empty_space_md\"  style=\"height: 50px\"><\/div><div class=\"mf_empty_space_xs\"  style=\"height: 30px\"><\/div><\/div>[\/vc_column][\/vc_row]<\/p>\n<\/div>","protected":false},"excerpt":{"rendered":"<p>[vc_row][vc_column][\/vc_column][\/vc_row][vc_row][vc_column width=&#8221;2\/3&#8243; css=&#8221;.vc_custom_1734012381822{margin-bottom: 30px !important;}&#8221; offset=&#8221;vc_col-lg-8 vc_col-md-12&#8243;][vc_single_image image=&#8221;4441&#8243; img_size=&#8221;full&#8221;][vc_column_text]Atrav\u00e9s de um excelente conhecimento t\u00e9cnico de ferramentas adequadas, a Libertrak atua no segmento eletr\u00f4nico, oferecendo uma op\u00e7\u00e3o financeiramente mais vi\u00e1vel ao cliente e com garantia destes servi\u00e7os. Com altos investimentos na estrutura, a Libertrak garante a satisfa\u00e7\u00e3o do cliente, visando a transpar\u00eancia e a comunica\u00e7\u00e3o clara [&hellip;]<\/p>\n","protected":false},"author":1,"featured_media":0,"parent":0,"menu_order":0,"comment_status":"closed","ping_status":"closed","template":"template-fullwidth.php","meta":{"footnotes":""},"class_list":["post-4439","page","type-page","status-publish","hentry","no-thumb"],"_links":{"self":[{"href":"https:\/\/stormweb.com.br\/libertrak\/wp-json\/wp\/v2\/pages\/4439","targetHints":{"allow":["GET"]}}],"collection":[{"href":"https:\/\/stormweb.com.br\/libertrak\/wp-json\/wp\/v2\/pages"}],"about":[{"href":"https:\/\/stormweb.com.br\/libertrak\/wp-json\/wp\/v2\/types\/page"}],"author":[{"embeddable":true,"href":"https:\/\/stormweb.com.br\/libertrak\/wp-json\/wp\/v2\/users\/1"}],"replies":[{"embeddable":true,"href":"https:\/\/stormweb.com.br\/libertrak\/wp-json\/wp\/v2\/comments?post=4439"}],"version-history":[{"count":6,"href":"https:\/\/stormweb.com.br\/libertrak\/wp-json\/wp\/v2\/pages\/4439\/revisions"}],"predecessor-version":[{"id":4448,"href":"https:\/\/stormweb.com.br\/libertrak\/wp-json\/wp\/v2\/pages\/4439\/revisions\/4448"}],"wp:attachment":[{"href":"https:\/\/stormweb.com.br\/libertrak\/wp-json\/wp\/v2\/media?parent=4439"}],"curies":[{"name":"wp","href":"https:\/\/api.w.org\/{rel}","templated":true}]}}