{"id":4449,"date":"2024-12-12T11:57:34","date_gmt":"2024-12-12T14:57:34","guid":{"rendered":"https:\/\/stormweb.com.br\/libertrak\/?page_id=4449"},"modified":"2025-02-03T15:32:33","modified_gmt":"2025-02-03T18:32:33","slug":"sistema-de-armazenagem","status":"publish","type":"page","link":"https:\/\/stormweb.com.br\/libertrak\/sistema-de-armazenagem\/","title":{"rendered":"Sistema de Armazenagem"},"content":{"rendered":"<div class=\"wpb-content-wrapper\"><p>[vc_row][vc_column]<div class=\"mf-empty-space \" style=\"\"><div class=\"mf_empty_space_lg\"  style=\"height: 80px\"><\/div><div class=\"mf_empty_space_md\"  style=\"height: 50px\"><\/div><div class=\"mf_empty_space_xs\"  style=\"height: 30px\"><\/div><\/div>[\/vc_column][\/vc_row][vc_row][vc_column width=&#8221;2\/3&#8243; css=&#8221;.vc_custom_1734012381822{margin-bottom: 30px !important;}&#8221; offset=&#8221;vc_col-lg-8 vc_col-md-12&#8243;][vc_single_image image=&#8221;4450&#8243; img_size=&#8221;full&#8221;]<div class=\"mf-empty-space \" style=\"\"><div class=\"mf_empty_space_lg\"  style=\"height: 40px\"><\/div><div class=\"mf_empty_space_md\"  style=\"height: 25px\"><\/div><div class=\"mf_empty_space_xs\"  style=\"height: 15px\"><\/div><\/div><div class=\"mf-section-title text-left dark medium-size \"><h2 >Sistema de Porta Paletes<\/h2><\/div><div class=\"mf-empty-space \" style=\"\"><div class=\"mf_empty_space_lg\"  style=\"height: 20px\"><\/div><div class=\"mf_empty_space_md\"  style=\"height: 12px\"><\/div><div class=\"mf_empty_space_xs\"  style=\"height: 7px\"><\/div><\/div>[vc_column_text]Fundado em 1964. A Longa \u00e9 uma das grandes fabricantes de Sistemas de Armazenagens e est\u00e1 presente em todo territ\u00f3rio Nacional. Al\u00e9m de ser uma empresa tradicional, a Longa, atrav\u00e9s de seu Dealer LIBERTRAK, tamb\u00e9m \u00e9 uma empresa muito flex\u00edvel com um dos menores prazos de entrega do mercado. Conhe\u00e7a um pouco mais de nosso potencial, acesse nossos contatos e consulte a melhor solu\u00e7\u00e3o para sua empresa.[\/vc_column_text]<div class=\"mf-empty-space \" style=\"\"><div class=\"mf_empty_space_lg\"  style=\"height: 20px\"><\/div><div class=\"mf_empty_space_md\"  style=\"height: 12px\"><\/div><div class=\"mf_empty_space_xs\"  style=\"height: 7px\"><\/div><\/div><div class=\"mf-section-title text-left dark medium-size \"><h2 >Por que nos escolher<\/h2><\/div><div class=\"mf-empty-space \" style=\"\"><div class=\"mf_empty_space_lg\"  style=\"height: 20px\"><\/div><div class=\"mf_empty_space_md\"  style=\"height: 12px\"><\/div><div class=\"mf_empty_space_xs\"  style=\"height: 7px\"><\/div><\/div>[vc_column_text]A LIBERTRAK se diferencia do mercado, por oferecer produtos de alto rendimento e servi\u00e7os com extrema sinergia de nossos clientes. Veja por que escolher nossa empresa:[\/vc_column_text]<div class=\"mf-empty-space \" style=\"\"><div class=\"mf_empty_space_lg\"  style=\"height: 40px\"><\/div><div class=\"mf_empty_space_md\"  style=\"height: 25px\"><\/div><div class=\"mf_empty_space_xs\"  style=\"height: 15px\"><\/div><\/div>[vc_row_inner][vc_column_inner width=&#8221;1\/2&#8243;]<div class=\"mf-icon-box icon_type-image icon_style-normal icon_position-left icon_size-large box-dark \"><img loading=\"lazy\" decoding=\"async\" width=\"74\" height=\"74\" src=\"https:\/\/stormweb.com.br\/libertrak\/wp-content\/uploads\/2024\/12\/Longa.png\" class=\"img-icon\" alt=\"\" \/><div class=\"box-wrapper\"><h2 class=\"box-title\"><span >Tradi\u00e7\u00e3o no Mercado<\/span><\/h2><div class=\"desc\">A Longa est\u00e1 presente em todo o territ\u00f3rio nacional desde 1964. S\u00e3o 60 anos de experi\u00eancia no segmento.<\/div><\/div><\/div>[\/vc_column_inner][vc_column_inner width=&#8221;1\/2&#8243;]<div class=\"mf-icon-box icon_type-image icon_style-normal icon_position-left icon_size-large box-dark \"><img loading=\"lazy\" decoding=\"async\" width=\"74\" height=\"74\" src=\"https:\/\/stormweb.com.br\/libertrak\/wp-content\/uploads\/2024\/12\/Confiabilidade.png\" class=\"img-icon\" alt=\"\" \/><div class=\"box-wrapper\"><h2 class=\"box-title\"><span >Confiabilidade<\/span><\/h2><div class=\"desc\">A equipe de Engenharia, atua diretamente em todos os projetos e processos, garantindo que os produtos sejam produzidos de acordo com as especifica\u00e7\u00f5es t\u00e9cnicas solicitadas.<\/div><\/div><\/div>[\/vc_column_inner][\/vc_row_inner]<div class=\"mf-empty-space \" style=\"\"><div class=\"mf_empty_space_lg\"  style=\"height: 40px\"><\/div><div class=\"mf_empty_space_md\"  style=\"height: 25px\"><\/div><div class=\"mf_empty_space_xs\"  style=\"height: 15px\"><\/div><\/div>[vc_row_inner][vc_column_inner width=&#8221;1\/2&#8243;]<div class=\"mf-icon-box icon_type-image icon_style-normal icon_position-left icon_size-large box-dark \"><img loading=\"lazy\" decoding=\"async\" width=\"74\" height=\"74\" src=\"https:\/\/stormweb.com.br\/libertrak\/wp-content\/uploads\/2024\/12\/Prazo.png\" class=\"img-icon\" alt=\"\" \/><div class=\"box-wrapper\"><h2 class=\"box-title\"><span >Prazo de Entrega<\/span><\/h2><div class=\"desc\">Os prazos de entrega informados, s\u00e3o seguidos rigorosamente dentro do acordado com os clientes.<\/div><\/div><\/div>[\/vc_column_inner][vc_column_inner width=&#8221;1\/2&#8243;]<div class=\"mf-icon-box icon_type-image icon_style-normal icon_position-left icon_size-large box-dark \"><img loading=\"lazy\" decoding=\"async\" width=\"74\" height=\"74\" src=\"https:\/\/stormweb.com.br\/libertrak\/wp-content\/uploads\/2024\/12\/Planejamento.png\" class=\"img-icon\" alt=\"\" \/><div class=\"box-wrapper\"><h2 class=\"box-title\"><span >Planejamento<\/span><\/h2><div class=\"desc\">Com processos claros e objetivos, toda produ\u00e7\u00e3o passa por um planejamento de compras de mat\u00e9ria prima, para que os prazos sejam cumpridos.<\/div><\/div><\/div>[\/vc_column_inner][\/vc_row_inner][\/vc_column][vc_column width=&#8221;1\/3&#8243; css=&#8221;.vc_custom_1510547855153{margin-bottom: 30px !important;}&#8221; offset=&#8221;vc_col-lg-4 vc_col-md-12&#8243;]<div class=\"mf-pricing \"><div class=\"pricing-header\">\n\t\t\t   <h3 class=\"title\">Produtos oferecidos:<\/h3>\n\t\t\t   <div class=\"pricing-desc\"><\/div>\n\t\t\t<\/div>\n\t\t\t<div class=\"pricing-box\">\n\t\t\t   <div class=\"pricing-info\">\n\t\t\t      <div class=\"pricing-inner\">\n\t\t\t           <span class=\"p-money\">\n\t\t\t           \t\t<span class=\"p-unit\"><\/span>\n\t\t\t                <span class=\"p-price\"><\/span>\n\t\t\t           <\/span>\n\t\t\t           <span class=\"p-duration\">\/ Mo<\/span>\n\t\t\t       <\/div>\n\t\t\t   <\/div>\n\t\t\t   <div class=\"pricing-content\"><ul class=\"mf-list\"><li><span class=\"feature-name\">Porta Paletes;<\/span><\/li><li><span class=\"feature-name\">Drive-In e Drive-Thru;<\/span><\/li><li><span class=\"feature-name\">Push-Back;<\/span><\/li><li><span class=\"feature-name\">Sistema Din\u00e2mico;<\/span><\/li><li><span class=\"feature-name\">Piso Intermedi\u00e1rio;<\/span><\/li><li><span class=\"feature-name\">Armaz\u00e9m Autoportante;<\/span><\/li><li><span class=\"feature-name\">Sistemas autom\u00e1ticos;<\/span><\/li><li><span class=\"feature-name\">Sistemas de Picking;<\/span><\/li><li><span class=\"feature-name\">Mezaninos;<\/span><\/li><li><span class=\"feature-name\">Estrutura Cantilever;<\/span><\/li><\/ul><a href=\"#\" class=\"mf-btn mf-btn-fullwidth\"  target=\"_blank\"><\/a><\/div>\n\t\t\t<\/div><\/div>[\/vc_column][\/vc_row][vc_row][vc_column]<div class=\"mf-empty-space \" style=\"\"><div class=\"mf_empty_space_lg\"  style=\"height: 80px\"><\/div><div class=\"mf_empty_space_md\"  style=\"height: 50px\"><\/div><div class=\"mf_empty_space_xs\"  style=\"height: 30px\"><\/div><\/div>[\/vc_column][\/vc_row]<\/p>\n<\/div>","protected":false},"excerpt":{"rendered":"<p>[vc_row][vc_column][\/vc_column][\/vc_row][vc_row][vc_column width=&#8221;2\/3&#8243; css=&#8221;.vc_custom_1734012381822{margin-bottom: 30px !important;}&#8221; offset=&#8221;vc_col-lg-8 vc_col-md-12&#8243;][vc_single_image image=&#8221;4450&#8243; img_size=&#8221;full&#8221;][vc_column_text]Fundado em 1964. A Longa \u00e9 uma das grandes fabricantes de Sistemas de Armazenagens e est\u00e1 presente em todo territ\u00f3rio Nacional. Al\u00e9m de ser uma empresa tradicional, a Longa, atrav\u00e9s de seu Dealer LIBERTRAK, tamb\u00e9m \u00e9 uma empresa muito flex\u00edvel com um dos menores prazos de entrega [&hellip;]<\/p>\n","protected":false},"author":1,"featured_media":0,"parent":0,"menu_order":0,"comment_status":"closed","ping_status":"closed","template":"template-fullwidth.php","meta":{"footnotes":""},"class_list":["post-4449","page","type-page","status-publish","hentry","no-thumb"],"_links":{"self":[{"href":"https:\/\/stormweb.com.br\/libertrak\/wp-json\/wp\/v2\/pages\/4449","targetHints":{"allow":["GET"]}}],"collection":[{"href":"https:\/\/stormweb.com.br\/libertrak\/wp-json\/wp\/v2\/pages"}],"about":[{"href":"https:\/\/stormweb.com.br\/libertrak\/wp-json\/wp\/v2\/types\/page"}],"author":[{"embeddable":true,"href":"https:\/\/stormweb.com.br\/libertrak\/wp-json\/wp\/v2\/users\/1"}],"replies":[{"embeddable":true,"href":"https:\/\/stormweb.com.br\/libertrak\/wp-json\/wp\/v2\/comments?post=4449"}],"version-history":[{"count":5,"href":"https:\/\/stormweb.com.br\/libertrak\/wp-json\/wp\/v2\/pages\/4449\/revisions"}],"predecessor-version":[{"id":4543,"href":"https:\/\/stormweb.com.br\/libertrak\/wp-json\/wp\/v2\/pages\/4449\/revisions\/4543"}],"wp:attachment":[{"href":"https:\/\/stormweb.com.br\/libertrak\/wp-json\/wp\/v2\/media?parent=4449"}],"curies":[{"name":"wp","href":"https:\/\/api.w.org\/{rel}","templated":true}]}}