{"id":4459,"date":"2024-12-12T12:07:06","date_gmt":"2024-12-12T15:07:06","guid":{"rendered":"https:\/\/stormweb.com.br\/libertrak\/?page_id=4459"},"modified":"2024-12-12T12:24:22","modified_gmt":"2024-12-12T15:24:22","slug":"locacao-de-empilhadeira-e-acessorios","status":"publish","type":"page","link":"https:\/\/stormweb.com.br\/libertrak\/locacao-de-empilhadeira-e-acessorios\/","title":{"rendered":"Loca\u00e7\u00e3o de Empilhadeira e Acess\u00f3rios"},"content":{"rendered":"<div class=\"wpb-content-wrapper\"><p>[vc_row][vc_column]<div class=\"mf-empty-space \" style=\"\"><div class=\"mf_empty_space_lg\"  style=\"height: 80px\"><\/div><div class=\"mf_empty_space_md\"  style=\"height: 50px\"><\/div><div class=\"mf_empty_space_xs\"  style=\"height: 30px\"><\/div><\/div>[\/vc_column][\/vc_row][vc_row][vc_column width=&#8221;2\/3&#8243; css=&#8221;.vc_custom_1734012381822{margin-bottom: 30px !important;}&#8221; offset=&#8221;vc_col-lg-8 vc_col-md-12&#8243;][vc_single_image image=&#8221;4463&#8243; img_size=&#8221;full&#8221;]<div class=\"mf-empty-space \" style=\"\"><div class=\"mf_empty_space_lg\"  style=\"height: 40px\"><\/div><div class=\"mf_empty_space_md\"  style=\"height: 25px\"><\/div><div class=\"mf_empty_space_xs\"  style=\"height: 15px\"><\/div><\/div><div class=\"mf-section-title text-left dark medium-size \"><h2 >Loca\u00e7\u00e3o de Empilhadeiras e Acessorios<\/h2><\/div><div class=\"mf-empty-space \" style=\"\"><div class=\"mf_empty_space_lg\"  style=\"height: 20px\"><\/div><div class=\"mf_empty_space_md\"  style=\"height: 12px\"><\/div><div class=\"mf_empty_space_xs\"  style=\"height: 7px\"><\/div><\/div>[vc_column_text]Nossa empresa traz consigo a <strong><em>expertise<\/em><\/strong> de anos no ramo, onde a empatia pela necessidade do cliente anda junto com a qualidade, agilidade e desempenho.<\/p>\n<p>A Libertrak empilhadeiras oferece ao mercado uma estrutura f\u00edsica e humana que permite que o cliente sinta na pr\u00e1tica que somos parte do seu neg\u00f3cio.<\/p>\n<p><u>Fazer o que \u00e9 certo e cobrar o que \u00e9 justo<\/u>, faz parte do DNA de nossa empresa e flui conscientemente na veia de cada colaborador.<\/p>\n<p><strong><em>Utilizamos de tecnologias para melhorar o fluxo de informa\u00e7\u00e3o e comunica\u00e7\u00e3o. Primamos por um processo que visa minimizar o tempo de m\u00e1quina parada, dando visibilidade real ao SLA (Service Level Agreement \u2013 Acordo de N\u00edvel de Servi\u00e7o).<\/em><\/strong><\/p>\n<p>Atrav\u00e9s de indicadores confi\u00e1veis, que s\u00e3o compartilhados mensalmente com nossos clientes, conseguimos tra\u00e7ar planos de a\u00e7\u00e3o que resultam em melhoria cont\u00ednua ao atendimento, sempre com muita transpar\u00eancia e clareza.[\/vc_column_text]<div class=\"mf-empty-space \" style=\"\"><div class=\"mf_empty_space_lg\"  style=\"height: 20px\"><\/div><div class=\"mf_empty_space_md\"  style=\"height: 12px\"><\/div><div class=\"mf_empty_space_xs\"  style=\"height: 7px\"><\/div><\/div><div class=\"mf-section-title text-left dark medium-size \"><h2 >Por que nos escolher<\/h2><\/div><div class=\"mf-empty-space \" style=\"\"><div class=\"mf_empty_space_lg\"  style=\"height: 20px\"><\/div><div class=\"mf_empty_space_md\"  style=\"height: 12px\"><\/div><div class=\"mf_empty_space_xs\"  style=\"height: 7px\"><\/div><\/div>[vc_column_text]A LIBERTRAK se diferencia do mercado, por oferecer produtos de alto rendimento e servi\u00e7os com extrema sinergia de nossos clientes. Veja por que escolher nossa empresa:[\/vc_column_text]<div class=\"mf-empty-space \" style=\"\"><div class=\"mf_empty_space_lg\"  style=\"height: 40px\"><\/div><div class=\"mf_empty_space_md\"  style=\"height: 25px\"><\/div><div class=\"mf_empty_space_xs\"  style=\"height: 15px\"><\/div><\/div>[vc_row_inner][vc_column_inner width=&#8221;1\/2&#8243;]<div class=\"mf-icon-box icon_type-image icon_style-normal icon_position-left icon_size-large box-dark \"><img loading=\"lazy\" decoding=\"async\" width=\"74\" height=\"74\" src=\"https:\/\/stormweb.com.br\/libertrak\/wp-content\/uploads\/2024\/12\/Tempo.png\" class=\"img-icon\" alt=\"\" \/><div class=\"box-wrapper\"><h2 class=\"box-title\"><span >Tempo de resposta<\/span><\/h2><div class=\"desc\">Um de nossos indicadores que medimos para equipamentos parados em Contrato. Melhora diretamente a disponibilidade da frota.<\/div><\/div><\/div>[\/vc_column_inner][vc_column_inner width=&#8221;1\/2&#8243;]<div class=\"mf-icon-box icon_type-image icon_style-normal icon_position-left icon_size-large box-dark \"><img loading=\"lazy\" decoding=\"async\" width=\"74\" height=\"74\" src=\"https:\/\/stormweb.com.br\/libertrak\/wp-content\/uploads\/2024\/12\/Flexibilidade-da-Frota.png\" class=\"img-icon\" alt=\"\" \/><div class=\"box-wrapper\"><h2 class=\"box-title\"><span >Flexibilidade da Frota<\/span><\/h2><div class=\"desc\">Oferecemos equipamentos com per\u00edodos flex\u00edveis. Ideal para necessidades emergenciais.<\/div><\/div><\/div>[\/vc_column_inner][\/vc_row_inner]<div class=\"mf-empty-space \" style=\"\"><div class=\"mf_empty_space_lg\"  style=\"height: 40px\"><\/div><div class=\"mf_empty_space_md\"  style=\"height: 25px\"><\/div><div class=\"mf_empty_space_xs\"  style=\"height: 15px\"><\/div><\/div>[vc_row_inner][vc_column_inner width=&#8221;1\/2&#8243;]<div class=\"mf-icon-box icon_type-image icon_style-normal icon_position-left icon_size-large box-dark \"><img loading=\"lazy\" decoding=\"async\" width=\"74\" height=\"74\" src=\"https:\/\/stormweb.com.br\/libertrak\/wp-content\/uploads\/2024\/12\/Disponibilidade.png\" class=\"img-icon\" alt=\"\" \/><div class=\"box-wrapper\"><h2 class=\"box-title\"><span >Disponibilidade<\/span><\/h2><div class=\"desc\">Atrav\u00e9s de nosso time de servi\u00e7os, atrav\u00e9s de processos e controles bem definidos, o SLA de nossa frota, sempre est\u00e1 acima de 95%.<\/div><\/div><\/div>[\/vc_column_inner][vc_column_inner width=&#8221;1\/2&#8243;]<div class=\"mf-icon-box icon_type-image icon_style-normal icon_position-left icon_size-large box-dark \"><img loading=\"lazy\" decoding=\"async\" width=\"74\" height=\"74\" src=\"https:\/\/stormweb.com.br\/libertrak\/wp-content\/uploads\/2024\/12\/Indicadores.png\" class=\"img-icon\" alt=\"\" \/><div class=\"box-wrapper\"><h2 class=\"box-title\"><span >Indicadores<\/span><\/h2><div class=\"desc\">Com indicadores espec\u00edficos e planos de a\u00e7\u00e3o integrados, nossos clientes possuem seguran\u00e7a operacional, disponibilidade e ganham mais dinheiro.<\/div><\/div><\/div>[\/vc_column_inner][\/vc_row_inner][\/vc_column][vc_column width=&#8221;1\/3&#8243; css=&#8221;.vc_custom_1510547855153{margin-bottom: 30px !important;}&#8221; offset=&#8221;vc_col-lg-4 vc_col-md-12&#8243;]<div class=\"mf-pricing \"><div class=\"pricing-header\">\n\t\t\t   <h3 class=\"title\">Oferecemos ao mercado, os tipos de Contratos abaixo:<\/h3>\n\t\t\t   <div class=\"pricing-desc\"><\/div>\n\t\t\t<\/div>\n\t\t\t<div class=\"pricing-box\">\n\t\t\t   <div class=\"pricing-info\">\n\t\t\t      <div class=\"pricing-inner\">\n\t\t\t           <span class=\"p-money\">\n\t\t\t           \t\t<span class=\"p-unit\"><\/span>\n\t\t\t                <span class=\"p-price\"><\/span>\n\t\t\t           <\/span>\n\t\t\t           <span class=\"p-duration\">\/ Mo<\/span>\n\t\t\t       <\/div>\n\t\t\t   <\/div>\n\t\t\t   <div class=\"pricing-content\"><ul class=\"mf-list\"><li><span class=\"feature-name\">Contratos de curto prazo;<\/span><\/li><li><span class=\"feature-name\">Contratos de Longo Prazo;<\/span><\/li><li><span class=\"feature-name\">Loca\u00e7\u00e3o SPOT;<\/span><\/li><li><span class=\"feature-name\">Loca\u00e7\u00e3o de Baterias;<\/span><\/li><li><span class=\"feature-name\">Loca\u00e7\u00e3o de Carregadores;<\/span><\/li><\/ul><a href=\"#\" class=\"mf-btn mf-btn-fullwidth\"  target=\"_blank\"><\/a><\/div>\n\t\t\t<\/div><\/div>[\/vc_column][\/vc_row][vc_row][vc_column]<div class=\"mf-empty-space \" style=\"\"><div class=\"mf_empty_space_lg\"  style=\"height: 80px\"><\/div><div class=\"mf_empty_space_md\"  style=\"height: 50px\"><\/div><div class=\"mf_empty_space_xs\"  style=\"height: 30px\"><\/div><\/div>[\/vc_column][\/vc_row]<\/p>\n<\/div>","protected":false},"excerpt":{"rendered":"<p>[vc_row][vc_column][\/vc_column][\/vc_row][vc_row][vc_column width=&#8221;2\/3&#8243; css=&#8221;.vc_custom_1734012381822{margin-bottom: 30px !important;}&#8221; offset=&#8221;vc_col-lg-8 vc_col-md-12&#8243;][vc_single_image image=&#8221;4463&#8243; img_size=&#8221;full&#8221;][vc_column_text]Nossa empresa traz consigo a expertise de anos no ramo, onde a empatia pela necessidade do cliente anda junto com a qualidade, agilidade e desempenho. A Libertrak empilhadeiras oferece ao mercado uma estrutura f\u00edsica e humana que permite que o cliente sinta na pr\u00e1tica que somos parte [&hellip;]<\/p>\n","protected":false},"author":1,"featured_media":0,"parent":0,"menu_order":0,"comment_status":"closed","ping_status":"closed","template":"template-fullwidth.php","meta":{"footnotes":""},"class_list":["post-4459","page","type-page","status-publish","hentry","no-thumb"],"_links":{"self":[{"href":"https:\/\/stormweb.com.br\/libertrak\/wp-json\/wp\/v2\/pages\/4459","targetHints":{"allow":["GET"]}}],"collection":[{"href":"https:\/\/stormweb.com.br\/libertrak\/wp-json\/wp\/v2\/pages"}],"about":[{"href":"https:\/\/stormweb.com.br\/libertrak\/wp-json\/wp\/v2\/types\/page"}],"author":[{"embeddable":true,"href":"https:\/\/stormweb.com.br\/libertrak\/wp-json\/wp\/v2\/users\/1"}],"replies":[{"embeddable":true,"href":"https:\/\/stormweb.com.br\/libertrak\/wp-json\/wp\/v2\/comments?post=4459"}],"version-history":[{"count":5,"href":"https:\/\/stormweb.com.br\/libertrak\/wp-json\/wp\/v2\/pages\/4459\/revisions"}],"predecessor-version":[{"id":4469,"href":"https:\/\/stormweb.com.br\/libertrak\/wp-json\/wp\/v2\/pages\/4459\/revisions\/4469"}],"wp:attachment":[{"href":"https:\/\/stormweb.com.br\/libertrak\/wp-json\/wp\/v2\/media?parent=4459"}],"curies":[{"name":"wp","href":"https:\/\/api.w.org\/{rel}","templated":true}]}}