{"id":4470,"date":"2024-12-12T12:25:39","date_gmt":"2024-12-12T15:25:39","guid":{"rendered":"https:\/\/stormweb.com.br\/libertrak\/?page_id=4470"},"modified":"2025-01-14T15:20:02","modified_gmt":"2025-01-14T18:20:02","slug":"solucoes-de-energia","status":"publish","type":"page","link":"https:\/\/stormweb.com.br\/libertrak\/solucoes-de-energia\/","title":{"rendered":"Solu\u00e7\u00f5es de Energia"},"content":{"rendered":"<div class=\"wpb-content-wrapper\"><p>[vc_row][vc_column]<div class=\"mf-empty-space \" style=\"\"><div class=\"mf_empty_space_lg\"  style=\"height: 80px\"><\/div><div class=\"mf_empty_space_md\"  style=\"height: 50px\"><\/div><div class=\"mf_empty_space_xs\"  style=\"height: 30px\"><\/div><\/div>[\/vc_column][\/vc_row][vc_row][vc_column width=&#8221;2\/3&#8243; css=&#8221;.vc_custom_1734012381822{margin-bottom: 30px !important;}&#8221; offset=&#8221;vc_col-lg-8 vc_col-md-12&#8243;][vc_single_image image=&#8221;4472&#8243; img_size=&#8221;full&#8221;]<div class=\"mf-empty-space \" style=\"\"><div class=\"mf_empty_space_lg\"  style=\"height: 40px\"><\/div><div class=\"mf_empty_space_md\"  style=\"height: 25px\"><\/div><div class=\"mf_empty_space_xs\"  style=\"height: 15px\"><\/div><\/div><div class=\"mf-section-title text-left dark medium-size \"><h2 >Solu\u00e7\u00f5es de Energia<\/h2><\/div><div class=\"mf-empty-space \" style=\"\"><div class=\"mf_empty_space_lg\"  style=\"height: 20px\"><\/div><div class=\"mf_empty_space_md\"  style=\"height: 12px\"><\/div><div class=\"mf_empty_space_xs\"  style=\"height: 7px\"><\/div><\/div>[vc_column_text]<strong><em>Baterias V-FORCE \u00cdons de l\u00edtio: energia de \u00faltima gera\u00e7\u00e3o<\/em><\/strong><\/p>\n<p>Os sistemas de armazenamento de energia de \u00edons de l\u00edtio <strong><em>V-Force<\/em><\/strong> oferecem mais efici\u00eancia, tempo de funcionamento mais longo e valor surpreendente quando comparados com as baterias tradicionais de chumbo-\u00e1cido. O carregamento de oportunidade elimina a necessidade de troca de baterias.<\/p>\n<p><strong>Baterias V-FORCE chumbo-\u00e1cido: desempenho comprovado<\/strong><\/p>\n<p>As baterias de chumbo-\u00e1cido <strong><em>V-Force<\/em><\/strong> oferecem confiabilidade comprovada para ciclos de trabalho leves e pesados, de um a tr\u00eas turnos, dependendo do uso da alimenta\u00e7\u00e3o. Carregamento convencional, de oportunidade e r\u00e1pido s\u00e3o suportados, oferecendo alimenta\u00e7\u00e3o confi\u00e1vel e econ\u00f4mica para a bateria da empilhadeira.<\/p>\n<p><strong><em>Carregadores de Bateria V-Force<\/em><\/strong><\/p>\n<p>Atuamos hoje, com o que tem de melhor em alto desempenho de carregadores de bateria tracionarias <strong><em>V-Force<\/em><\/strong>.\u00a0 Carregadores de alta frequ\u00eancia, modulados e que permitem o carregamento, mesmo que um circuito interno apresente defeito.<\/p>\n<p>Tamb\u00e9m \u00e9 poss\u00edvel ajustar o hor\u00e1rio da carga, dando permiss\u00e3o de carregamento apenas em hor\u00e1rios que n\u00e3o sejam picos de consumo, onde a energia custa mais caro para o cliente.<\/p>\n<p>Venha conhecer a linha de Baterias e Carregadores da Crown e todas suas possibilidades.[\/vc_column_text]<div class=\"mf-empty-space \" style=\"\"><div class=\"mf_empty_space_lg\"  style=\"height: 20px\"><\/div><div class=\"mf_empty_space_md\"  style=\"height: 12px\"><\/div><div class=\"mf_empty_space_xs\"  style=\"height: 7px\"><\/div><\/div><div class=\"mf-section-title text-left dark medium-size \"><h2 >Por que nos escolher<\/h2><\/div><div class=\"mf-empty-space \" style=\"\"><div class=\"mf_empty_space_lg\"  style=\"height: 20px\"><\/div><div class=\"mf_empty_space_md\"  style=\"height: 12px\"><\/div><div class=\"mf_empty_space_xs\"  style=\"height: 7px\"><\/div><\/div>[vc_column_text]A LIBERTRAK se diferencia do mercado, por oferecer produtos de alto rendimento e servi\u00e7os com extrema sinergia de nossos clientes. Veja por que escolher nossa empresa:[\/vc_column_text]<div class=\"mf-empty-space \" style=\"\"><div class=\"mf_empty_space_lg\"  style=\"height: 40px\"><\/div><div class=\"mf_empty_space_md\"  style=\"height: 25px\"><\/div><div class=\"mf_empty_space_xs\"  style=\"height: 15px\"><\/div><\/div>[vc_row_inner][vc_column_inner width=&#8221;1\/2&#8243;]<div class=\"mf-icon-box icon_type-image icon_style-normal icon_position-left icon_size-large box-dark \"><img loading=\"lazy\" decoding=\"async\" width=\"74\" height=\"74\" src=\"https:\/\/stormweb.com.br\/libertrak\/wp-content\/uploads\/2024\/12\/Garantia.png\" class=\"img-icon\" alt=\"\" \/><div class=\"box-wrapper\"><h2 class=\"box-title\"><span >Garantia<\/span><\/h2><div class=\"desc\">As baterias V-Force possuem uma constru\u00e7\u00e3o robusta, que garantem que as mais severas opera\u00e7\u00f5es, rodem sem dificuldade energ\u00e9tica.<\/div><\/div><\/div>[\/vc_column_inner][vc_column_inner width=&#8221;1\/2&#8243;]<div class=\"mf-icon-box icon_type-image icon_style-normal icon_position-left icon_size-large box-dark \"><img loading=\"lazy\" decoding=\"async\" width=\"74\" height=\"74\" src=\"https:\/\/stormweb.com.br\/libertrak\/wp-content\/uploads\/2024\/12\/Desempenho.png\" class=\"img-icon\" alt=\"\" \/><div class=\"box-wrapper\"><h2 class=\"box-title\"><span >Desempenho<\/span><\/h2><div class=\"desc\">Em fun\u00e7\u00e3o de sua constru\u00e7\u00e3o ser diferente dos processos tradicionais conhecidos, o desempenho das baterias V-Force s\u00e3o melhores, principalmente autonomia e vida \u00fatil.<\/div><\/div><\/div>[\/vc_column_inner][\/vc_row_inner]<div class=\"mf-empty-space \" style=\"\"><div class=\"mf_empty_space_lg\"  style=\"height: 40px\"><\/div><div class=\"mf_empty_space_md\"  style=\"height: 25px\"><\/div><div class=\"mf_empty_space_xs\"  style=\"height: 15px\"><\/div><\/div>[vc_row_inner][vc_column_inner width=&#8221;1\/2&#8243;]<div class=\"mf-icon-box icon_type-image icon_style-normal icon_position-left icon_size-large box-dark \"><img loading=\"lazy\" decoding=\"async\" width=\"74\" height=\"74\" src=\"https:\/\/stormweb.com.br\/libertrak\/wp-content\/uploads\/2024\/12\/BaixoCusto.png\" class=\"img-icon\" alt=\"\" \/><div class=\"box-wrapper\"><h2 class=\"box-title\"><span >Baixo custo de manuten\u00e7\u00e3o<\/span><\/h2><div class=\"desc\">Justamente por optarmos em mat\u00e9ria prima de qualidade, o custo de manuten\u00e7\u00e3o \u00e9 reduzido e a vida \u00fatil aumentada.<\/div><\/div><\/div>[\/vc_column_inner][vc_column_inner width=&#8221;1\/2&#8243;]<div class=\"mf-icon-box icon_type-image icon_style-normal icon_position-left icon_size-large box-dark \"><img loading=\"lazy\" decoding=\"async\" width=\"74\" height=\"74\" src=\"https:\/\/stormweb.com.br\/libertrak\/wp-content\/uploads\/2024\/12\/Eficiencia.png\" class=\"img-icon\" alt=\"\" \/><div class=\"box-wrapper\"><h2 class=\"box-title\"><span >Efici\u00eancia<\/span><\/h2><div class=\"desc\">As opera\u00e7\u00f5es mais severas, requerem de maior efici\u00eancia para garantir a aut\u00f4nima e opera\u00e7\u00e3o a cada turno. As Baterias V-Force podem ser dimensionadas de forma ideal para sua empresa.<\/div><\/div><\/div>[\/vc_column_inner][\/vc_row_inner][\/vc_column][vc_column width=&#8221;1\/3&#8243; css=&#8221;.vc_custom_1510547855153{margin-bottom: 30px !important;}&#8221; offset=&#8221;vc_col-lg-4 vc_col-md-12&#8243;]<div class=\"mf-pricing \"><div class=\"pricing-header\">\n\t\t\t   <h3 class=\"title\">Nossas solu\u00e7\u00f5es de Energia passam por:<\/h3>\n\t\t\t   <div class=\"pricing-desc\"><\/div>\n\t\t\t<\/div>\n\t\t\t<div class=\"pricing-box\">\n\t\t\t   <div class=\"pricing-info\">\n\t\t\t      <div class=\"pricing-inner\">\n\t\t\t           <span class=\"p-money\">\n\t\t\t           \t\t<span class=\"p-unit\"><\/span>\n\t\t\t                <span class=\"p-price\"><\/span>\n\t\t\t           <\/span>\n\t\t\t           <span class=\"p-duration\">\/ Mo<\/span>\n\t\t\t       <\/div>\n\t\t\t   <\/div>\n\t\t\t   <div class=\"pricing-content\"><ul class=\"mf-list\"><li><span class=\"feature-name\">Carregadores V-Force de L\u00edtio;<\/span><\/li><li><span class=\"feature-name\">Carregadores V-Force de chumbo-\u00e1cido;<\/span><\/li><li><span class=\"feature-name\">Carregadores de alta frequ\u00eancia;<\/span><\/li><li><span class=\"feature-name\">Baterias V-Force de L\u00edtio;<\/span><\/li><li><span class=\"feature-name\">Baterias V-Force de Chumbo-\u00e1cido;<\/span><\/li><li><span class=\"feature-name\">Bateiras V-Force de Chumbo-\u00e1cido com mais energia;<\/span><\/li><\/ul><a href=\"#\" class=\"mf-btn mf-btn-fullwidth\"  target=\"_blank\"><\/a><\/div>\n\t\t\t<\/div><\/div>[\/vc_column][\/vc_row][vc_row][vc_column]<div class=\"mf-empty-space \" style=\"\"><div class=\"mf_empty_space_lg\"  style=\"height: 80px\"><\/div><div class=\"mf_empty_space_md\"  style=\"height: 50px\"><\/div><div class=\"mf_empty_space_xs\"  style=\"height: 30px\"><\/div><\/div>[\/vc_column][\/vc_row]<\/p>\n<\/div>","protected":false},"excerpt":{"rendered":"<p>[vc_row][vc_column][\/vc_column][\/vc_row][vc_row][vc_column width=&#8221;2\/3&#8243; css=&#8221;.vc_custom_1734012381822{margin-bottom: 30px !important;}&#8221; offset=&#8221;vc_col-lg-8 vc_col-md-12&#8243;][vc_single_image image=&#8221;4472&#8243; img_size=&#8221;full&#8221;][vc_column_text]Baterias V-FORCE \u00cdons de l\u00edtio: energia de \u00faltima gera\u00e7\u00e3o Os sistemas de armazenamento de energia de \u00edons de l\u00edtio V-Force oferecem mais efici\u00eancia, tempo de funcionamento mais longo e valor surpreendente quando comparados com as baterias tradicionais de chumbo-\u00e1cido. O carregamento de oportunidade elimina a necessidade de [&hellip;]<\/p>\n","protected":false},"author":1,"featured_media":0,"parent":0,"menu_order":0,"comment_status":"closed","ping_status":"closed","template":"template-fullwidth.php","meta":{"footnotes":""},"class_list":["post-4470","page","type-page","status-publish","hentry","no-thumb"],"_links":{"self":[{"href":"https:\/\/stormweb.com.br\/libertrak\/wp-json\/wp\/v2\/pages\/4470","targetHints":{"allow":["GET"]}}],"collection":[{"href":"https:\/\/stormweb.com.br\/libertrak\/wp-json\/wp\/v2\/pages"}],"about":[{"href":"https:\/\/stormweb.com.br\/libertrak\/wp-json\/wp\/v2\/types\/page"}],"author":[{"embeddable":true,"href":"https:\/\/stormweb.com.br\/libertrak\/wp-json\/wp\/v2\/users\/1"}],"replies":[{"embeddable":true,"href":"https:\/\/stormweb.com.br\/libertrak\/wp-json\/wp\/v2\/comments?post=4470"}],"version-history":[{"count":5,"href":"https:\/\/stormweb.com.br\/libertrak\/wp-json\/wp\/v2\/pages\/4470\/revisions"}],"predecessor-version":[{"id":4483,"href":"https:\/\/stormweb.com.br\/libertrak\/wp-json\/wp\/v2\/pages\/4470\/revisions\/4483"}],"wp:attachment":[{"href":"https:\/\/stormweb.com.br\/libertrak\/wp-json\/wp\/v2\/media?parent=4470"}],"curies":[{"name":"wp","href":"https:\/\/api.w.org\/{rel}","templated":true}]}}