{"id":4588,"date":"2025-02-03T16:22:03","date_gmt":"2025-02-03T19:22:03","guid":{"rendered":"https:\/\/stormweb.com.br\/libertrak\/?page_id=4588"},"modified":"2025-02-03T16:29:51","modified_gmt":"2025-02-03T19:29:51","slug":"pecas-e-servicos","status":"publish","type":"page","link":"https:\/\/stormweb.com.br\/libertrak\/pecas-e-servicos\/","title":{"rendered":"Pe\u00e7as e Servi\u00e7os"},"content":{"rendered":"<div class=\"wpb-content-wrapper\"><p>[vc_row][vc_column]<div class=\"mf-empty-space \" style=\"\"><div class=\"mf_empty_space_lg\"  style=\"height: 80px\"><\/div><div class=\"mf_empty_space_md\"  style=\"height: 50px\"><\/div><div class=\"mf_empty_space_xs\"  style=\"height: 30px\"><\/div><\/div>[\/vc_column][\/vc_row][vc_row][vc_column width=&#8221;2\/3&#8243; css=&#8221;.vc_custom_1734012381822{margin-bottom: 30px !important;}&#8221; offset=&#8221;vc_col-lg-8 vc_col-md-12&#8243;][vc_single_image image=&#8221;4596&#8243; img_size=&#8221;full&#8221;]<div class=\"mf-empty-space \" style=\"\"><div class=\"mf_empty_space_lg\"  style=\"height: 40px\"><\/div><div class=\"mf_empty_space_md\"  style=\"height: 25px\"><\/div><div class=\"mf_empty_space_xs\"  style=\"height: 15px\"><\/div><\/div><div class=\"mf-section-title text-left dark medium-size \"><h2 >Pe\u00e7as e Servi\u00e7os<\/h2><\/div><div class=\"mf-empty-space \" style=\"\"><div class=\"mf_empty_space_lg\"  style=\"height: 20px\"><\/div><div class=\"mf_empty_space_md\"  style=\"height: 12px\"><\/div><div class=\"mf_empty_space_xs\"  style=\"height: 7px\"><\/div><\/div>[vc_column_text]N\u00f3s da Libertrak nos diferenciamos de muitos concorrentes por sermos uma empresa que atua no mercado direcionada ao P\u00d3S-VENDA. Fortalecemos nossa estrutura, com pe\u00e7as de reposi\u00e7\u00e3o, carros oficinas, t\u00e9cnicos treinados, suporte ao t\u00e9cnico e aos clientes, pulveriza\u00e7\u00e3o da equipe t\u00e9cnica em diversas regi\u00f5es do RS e SC. Tudo isso, para oferecermos aos clientes, uma experiencia diferenciada.<\/p>\n<p>[\/vc_column_text]<div class=\"mf-empty-space \" style=\"\"><div class=\"mf_empty_space_lg\"  style=\"height: 20px\"><\/div><div class=\"mf_empty_space_md\"  style=\"height: 12px\"><\/div><div class=\"mf_empty_space_xs\"  style=\"height: 7px\"><\/div><\/div>[vc_column_text]Todo nosso desenvolvimento \u00e9 acompanhado por alguns indicadores que s\u00e3o muito importantes para a n\u00f3s. Consulte nossa equipe de P\u00f3s venda.[\/vc_column_text]<div class=\"mf-empty-space \" style=\"\"><div class=\"mf_empty_space_lg\"  style=\"height: 20px\"><\/div><div class=\"mf_empty_space_md\"  style=\"height: 12px\"><\/div><div class=\"mf_empty_space_xs\"  style=\"height: 7px\"><\/div><\/div><div class=\"mf-section-title text-left dark medium-size \"><h2 >Por que nos escolher<\/h2><\/div><div class=\"mf-empty-space \" style=\"\"><div class=\"mf_empty_space_lg\"  style=\"height: 20px\"><\/div><div class=\"mf_empty_space_md\"  style=\"height: 12px\"><\/div><div class=\"mf_empty_space_xs\"  style=\"height: 7px\"><\/div><\/div>[vc_column_text]A LIBERTRAK se diferencia do mercado, por oferecer produtos de alto rendimento e servi\u00e7os com extrema sinergia de nossos clientes. Veja por que escolher nossa empresa:[\/vc_column_text]<div class=\"mf-empty-space \" style=\"\"><div class=\"mf_empty_space_lg\"  style=\"height: 40px\"><\/div><div class=\"mf_empty_space_md\"  style=\"height: 25px\"><\/div><div class=\"mf_empty_space_xs\"  style=\"height: 15px\"><\/div><\/div>[vc_row_inner][vc_column_inner width=&#8221;1\/2&#8243;]<div class=\"mf-icon-box icon_type-image icon_style-normal icon_position-left icon_size-large box-dark \"><img loading=\"lazy\" decoding=\"async\" width=\"74\" height=\"74\" src=\"https:\/\/stormweb.com.br\/libertrak\/wp-content\/uploads\/2024\/12\/Tempo.png\" class=\"img-icon\" alt=\"\" \/><div class=\"box-wrapper\"><h2 class=\"box-title\"><span >Tempo de Resposta<\/span><\/h2><div class=\"desc\">Um de nossos indicadores que medimos para equipamentos parados em Contrato. Melhora diretamente a disponibilidade da frota.<\/div><\/div><\/div>[\/vc_column_inner][vc_column_inner width=&#8221;1\/2&#8243;]<div class=\"mf-icon-box icon_type-image icon_style-normal icon_position-left icon_size-large box-dark \"><img loading=\"lazy\" decoding=\"async\" width=\"74\" height=\"74\" src=\"https:\/\/stormweb.com.br\/libertrak\/wp-content\/uploads\/2024\/12\/AtendimentoP.png\" class=\"img-icon\" alt=\"\" \/><div class=\"box-wrapper\"><h2 class=\"box-title\"><span >Atendimento Multimarcas<\/span><\/h2><div class=\"desc\">Especialistas em equipamentos multimarcas, sejam el\u00e9tricos e a GLP. <\/div><\/div><\/div>[\/vc_column_inner][\/vc_row_inner]<div class=\"mf-empty-space \" style=\"\"><div class=\"mf_empty_space_lg\"  style=\"height: 40px\"><\/div><div class=\"mf_empty_space_md\"  style=\"height: 25px\"><\/div><div class=\"mf_empty_space_xs\"  style=\"height: 15px\"><\/div><\/div>[vc_row_inner][vc_column_inner width=&#8221;1\/2&#8243;]<div class=\"mf-icon-box icon_type-image icon_style-normal icon_position-left icon_size-large box-dark \"><img loading=\"lazy\" decoding=\"async\" width=\"74\" height=\"74\" src=\"https:\/\/stormweb.com.br\/libertrak\/wp-content\/uploads\/2024\/12\/Atendimento.png\" class=\"img-icon\" alt=\"\" \/><div class=\"box-wrapper\"><h2 class=\"box-title\"><span >Atendimento Personalizado<\/span><\/h2><div class=\"desc\">Tenha um atendimento elaborado para atender sua necessidade. Na hora combinada e da forma combinada.<\/div><\/div><\/div>[\/vc_column_inner][vc_column_inner width=&#8221;1\/2&#8243;]<div class=\"mf-icon-box icon_type-image icon_style-normal icon_position-left icon_size-large box-dark \"><img loading=\"lazy\" decoding=\"async\" width=\"74\" height=\"74\" src=\"https:\/\/stormweb.com.br\/libertrak\/wp-content\/uploads\/2024\/12\/ConheTecnico-1.png\" class=\"img-icon\" alt=\"\" \/><div class=\"box-wrapper\"><h2 class=\"box-title\"><span >Conhecimento T\u00e9cnico<\/span><\/h2><div class=\"desc\">Uma equipe t\u00e9cnica com experiencia e forma\u00e7\u00e3o para dar mais seguran\u00e7a aos nossos clientes.<\/div><\/div><\/div>[\/vc_column_inner][\/vc_row_inner][\/vc_column][vc_column width=&#8221;1\/3&#8243; css=&#8221;.vc_custom_1510547855153{margin-bottom: 30px !important;}&#8221; offset=&#8221;vc_col-lg-4 vc_col-md-12&#8243;]<div class=\"mf-pricing \"><div class=\"pricing-header\">\n\t\t\t   <h3 class=\"title\">Com uma estrutura completa, oferecemos ao mercado:<\/h3>\n\t\t\t   <div class=\"pricing-desc\"><\/div>\n\t\t\t<\/div>\n\t\t\t<div class=\"pricing-box\">\n\t\t\t   <div class=\"pricing-info\">\n\t\t\t      <div class=\"pricing-inner\">\n\t\t\t           <span class=\"p-money\">\n\t\t\t           \t\t<span class=\"p-unit\"><\/span>\n\t\t\t                <span class=\"p-price\"><\/span>\n\t\t\t           <\/span>\n\t\t\t           <span class=\"p-duration\">\/ Mo<\/span>\n\t\t\t       <\/div>\n\t\t\t   <\/div>\n\t\t\t   <div class=\"pricing-content\"><ul class=\"mf-list\"><li><span class=\"feature-name\">Pe\u00e7as para equipamentos Crown;<\/span><\/li><li><span class=\"feature-name\">Pe\u00e7as para equipamentos el\u00e9tricos MULTIMARCAS;<\/span><\/li><li><span class=\"feature-name\">Pe\u00e7as para equipamentos Combilift;<\/span><\/li><li><span class=\"feature-name\">Pe\u00e7as para equipamentos com motor a combust\u00e3o MULTIMARCAS;<\/span><\/li><li><span class=\"feature-name\">Pe\u00e7as para Carregadores de bateria;<\/span><\/li><li><span class=\"feature-name\">Pe\u00e7as para Baterias;<\/span><\/li><li><span class=\"feature-name\">M\u00e3o de obra especializada Crown e MULTIMARCAS;<\/span><\/li><li><span class=\"feature-name\">Diversos tipos de Contratos de Manuten\u00e7\u00e3o;<\/span><\/li><li><span class=\"feature-name\">Indicadores de servi\u00e7o;<\/span><\/li><\/ul><a href=\"#\" class=\"mf-btn mf-btn-fullwidth\"  target=\"_blank\"><\/a><\/div>\n\t\t\t<\/div><\/div>[\/vc_column][\/vc_row][vc_row][vc_column]<div class=\"mf-empty-space \" style=\"\"><div class=\"mf_empty_space_lg\"  style=\"height: 80px\"><\/div><div class=\"mf_empty_space_md\"  style=\"height: 50px\"><\/div><div class=\"mf_empty_space_xs\"  style=\"height: 30px\"><\/div><\/div>[\/vc_column][\/vc_row]<\/p>\n<\/div>","protected":false},"excerpt":{"rendered":"<p>[vc_row][vc_column][\/vc_column][\/vc_row][vc_row][vc_column width=&#8221;2\/3&#8243; css=&#8221;.vc_custom_1734012381822{margin-bottom: 30px !important;}&#8221; offset=&#8221;vc_col-lg-8 vc_col-md-12&#8243;][vc_single_image image=&#8221;4596&#8243; img_size=&#8221;full&#8221;][vc_column_text]N\u00f3s da Libertrak nos diferenciamos de muitos concorrentes por sermos uma empresa que atua no mercado direcionada ao P\u00d3S-VENDA. Fortalecemos nossa estrutura, com pe\u00e7as de reposi\u00e7\u00e3o, carros oficinas, t\u00e9cnicos treinados, suporte ao t\u00e9cnico e aos clientes, pulveriza\u00e7\u00e3o da equipe t\u00e9cnica em diversas regi\u00f5es do RS e SC. [&hellip;]<\/p>\n","protected":false},"author":1,"featured_media":0,"parent":0,"menu_order":0,"comment_status":"closed","ping_status":"closed","template":"template-fullwidth.php","meta":{"footnotes":""},"class_list":["post-4588","page","type-page","status-publish","hentry","no-thumb"],"_links":{"self":[{"href":"https:\/\/stormweb.com.br\/libertrak\/wp-json\/wp\/v2\/pages\/4588","targetHints":{"allow":["GET"]}}],"collection":[{"href":"https:\/\/stormweb.com.br\/libertrak\/wp-json\/wp\/v2\/pages"}],"about":[{"href":"https:\/\/stormweb.com.br\/libertrak\/wp-json\/wp\/v2\/types\/page"}],"author":[{"embeddable":true,"href":"https:\/\/stormweb.com.br\/libertrak\/wp-json\/wp\/v2\/users\/1"}],"replies":[{"embeddable":true,"href":"https:\/\/stormweb.com.br\/libertrak\/wp-json\/wp\/v2\/comments?post=4588"}],"version-history":[{"count":8,"href":"https:\/\/stormweb.com.br\/libertrak\/wp-json\/wp\/v2\/pages\/4588\/revisions"}],"predecessor-version":[{"id":4597,"href":"https:\/\/stormweb.com.br\/libertrak\/wp-json\/wp\/v2\/pages\/4588\/revisions\/4597"}],"wp:attachment":[{"href":"https:\/\/stormweb.com.br\/libertrak\/wp-json\/wp\/v2\/media?parent=4588"}],"curies":[{"name":"wp","href":"https:\/\/api.w.org\/{rel}","templated":true}]}}